{"id":2593,"date":"2023-06-20T15:32:12","date_gmt":"2023-06-20T13:32:12","guid":{"rendered":"https:\/\/www.lmcapital.ch\/amc\/"},"modified":"2024-05-24T16:58:07","modified_gmt":"2024-05-24T14:58:07","slug":"amc","status":"publish","type":"page","link":"https:\/\/www.lmcapital.ch\/en\/amc\/","title":{"rendered":"AMC"},"content":{"rendered":"\t\t<div data-elementor-type=\"wp-page\" data-elementor-id=\"2593\" class=\"elementor elementor-2593 elementor-710\">\n\t\t\t\t\t\t<section class=\"elementor-section elementor-top-section elementor-element elementor-element-b108d44 elementor-section-height-full elementor-section-boxed elementor-section-height-default elementor-section-items-middle wpr-particle-no wpr-jarallax-no wpr-parallax-no wpr-sticky-section-no wpr-equal-height-no\" data-id=\"b108d44\" data-element_type=\"section\" data-e-type=\"section\" data-settings=\"{&quot;background_background&quot;:&quot;classic&quot;}\">\n\t\t\t\t\t\t\t<div class=\"elementor-background-overlay\"><\/div>\n\t\t\t\t\t\t\t<div class=\"elementor-container elementor-column-gap-default\">\n\t\t\t\t\t<div class=\"elementor-column elementor-col-100 elementor-top-column elementor-element elementor-element-430af32\" data-id=\"430af32\" data-element_type=\"column\" data-e-type=\"column\">\n\t\t\t<div class=\"elementor-widget-wrap elementor-element-populated\">\n\t\t\t\t\t\t<div class=\"elementor-element elementor-element-817215c elementor-widget elementor-widget-heading\" data-id=\"817215c\" data-element_type=\"widget\" data-e-type=\"widget\" data-widget_type=\"heading.default\">\n\t\t\t\t<div class=\"elementor-widget-container\">\n\t\t\t\t\t<h1 class=\"elementor-heading-title elementor-size-default\">LMC certificates<\/h1>\t\t\t\t<\/div>\n\t\t\t\t<\/div>\n\t\t\t\t<div class=\"elementor-element elementor-element-2da403e elementor-widget elementor-widget-text-editor\" data-id=\"2da403e\" data-element_type=\"widget\" data-e-type=\"widget\" data-widget_type=\"text-editor.default\">\n\t\t\t\t<div class=\"elementor-widget-container\">\n\t\t\t\t\t\t\t\t\t<p id=\"hypentext\" style=\"text-align-last: center;\">Our AMCs (Actively Managed Certificates) offer our clients and investors an innovative solution for participating in active portfolio management strategies. Unlike traditional mutual funds, AMCs allow you to invest simultaneously and flexibly in a wide range of underlying Assets, such as Equities, Bonds, Commodities and Currencies.<\/p>\n<p><style>@media only screen and (max-width: 767px){#hypentext{hyphens: auto; -webkit-hyphens: auto;}}<\/style>\n<\/p>\t\t\t\t\t\t\t\t<\/div>\n\t\t\t\t<\/div>\n\t\t\t\t<div class=\"elementor-element elementor-element-925a588 elementor-align-center elementor-widget elementor-widget-button\" data-id=\"925a588\" data-element_type=\"widget\" data-e-type=\"widget\" data-widget_type=\"button.default\">\n\t\t\t\t<div class=\"elementor-widget-container\">\n\t\t\t\t\t\t\t\t\t<div class=\"elementor-button-wrapper\">\n\t\t\t\t\t<a class=\"elementor-button elementor-button-link elementor-size-sm\" href=\"#lead\">\n\t\t\t\t\t\t<span class=\"elementor-button-content-wrapper\">\n\t\t\t\t\t\t\t\t\t<span class=\"elementor-button-text\">Make an appointment<\/span>\n\t\t\t\t\t<\/span>\n\t\t\t\t\t<\/a>\n\t\t\t\t<\/div>\n\t\t\t\t\t\t\t\t<\/div>\n\t\t\t\t<\/div>\n\t\t\t\t\t<\/div>\n\t\t<\/div>\n\t\t\t\t\t<\/div>\n\t\t<\/section>\n\t\t\t\t<section class=\"elementor-section elementor-top-section elementor-element elementor-element-e969448 elementor-section-boxed elementor-section-height-default elementor-section-height-default wpr-particle-no wpr-jarallax-no wpr-parallax-no wpr-sticky-section-no wpr-equal-height-no\" data-id=\"e969448\" data-element_type=\"section\" data-e-type=\"section\" id=\"notrehistoire\" data-settings=\"{&quot;background_background&quot;:&quot;classic&quot;}\">\n\t\t\t\t\t\t<div class=\"elementor-container elementor-column-gap-default\">\n\t\t\t\t\t<div class=\"elementor-column elementor-col-100 elementor-top-column elementor-element elementor-element-b9894c1\" data-id=\"b9894c1\" data-element_type=\"column\" data-e-type=\"column\">\n\t\t\t<div class=\"elementor-widget-wrap elementor-element-populated\">\n\t\t\t\t\t\t<div class=\"elementor-element elementor-element-25b7649 elementor-invisible elementor-widget elementor-widget-heading\" data-id=\"25b7649\" data-element_type=\"widget\" data-e-type=\"widget\" data-settings=\"{&quot;_animation&quot;:&quot;slideInUp&quot;}\" data-widget_type=\"heading.default\">\n\t\t\t\t<div class=\"elementor-widget-container\">\n\t\t\t\t\t<h2 class=\"elementor-heading-title elementor-size-default\">Innovative financial instruments for active portfolio management<\/h2>\t\t\t\t<\/div>\n\t\t\t\t<\/div>\n\t\t\t\t<div class=\"elementor-element elementor-element-730a1a5 elementor-invisible elementor-widget elementor-widget-text-editor\" data-id=\"730a1a5\" data-element_type=\"widget\" data-e-type=\"widget\" data-settings=\"{&quot;_animation&quot;:&quot;slideInUp&quot;}\" data-widget_type=\"text-editor.default\">\n\t\t\t\t<div class=\"elementor-widget-container\">\n\t\t\t\t\t\t\t\t\t<p>AMCs (Actively Managed Certificates) are innovative financial instruments that offer investors a way to participate in Active Portfolio Management strategies. Unlike traditional mutual funds, AMCs can be issued on a wide range of underlying assets, such as equities, bonds, commodities or currencies. They can also be designed to reflect specific investment strategies, such as growth or value portfolio management. The objective of the latter is to seek to outperform a benchmark index or achieve a specific return objective.<\/p><p>On the other hand, AMCs also offer great flexibility in terms of liquidity. Unlike traditional investment funds, they can be traded continuously without restriction, just like individual shares. Finally, Actively Managed Certificates offer investors an attractive alternative to traditional mutual funds, allowing them to participate in active portfolio management strategies and offering greater trading flexibility.<\/p>\t\t\t\t\t\t\t\t<\/div>\n\t\t\t\t<\/div>\n\t\t\t\t<div class=\"elementor-element elementor-element-8ec01c4 elementor-mobile-align-center elementor-invisible elementor-widget elementor-widget-button\" data-id=\"8ec01c4\" data-element_type=\"widget\" data-e-type=\"widget\" data-settings=\"{&quot;_animation&quot;:&quot;slideInUp&quot;}\" data-widget_type=\"button.default\">\n\t\t\t\t<div class=\"elementor-widget-container\">\n\t\t\t\t\t\t\t\t\t<div class=\"elementor-button-wrapper\">\n\t\t\t\t\t<a class=\"elementor-button elementor-button-link elementor-size-sm\" href=\"#lead\">\n\t\t\t\t\t\t<span class=\"elementor-button-content-wrapper\">\n\t\t\t\t\t\t\t\t\t<span class=\"elementor-button-text\">Make an appointment<\/span>\n\t\t\t\t\t<\/span>\n\t\t\t\t\t<\/a>\n\t\t\t\t<\/div>\n\t\t\t\t\t\t\t\t<\/div>\n\t\t\t\t<\/div>\n\t\t\t\t\t<\/div>\n\t\t<\/div>\n\t\t\t\t\t<\/div>\n\t\t<\/section>\n\t\t\t\t<section class=\"elementor-section elementor-top-section elementor-element elementor-element-9dbfc83 elementor-section-boxed elementor-section-height-default elementor-section-height-default wpr-particle-no wpr-jarallax-no wpr-parallax-no wpr-sticky-section-no wpr-equal-height-no\" data-id=\"9dbfc83\" data-element_type=\"section\" data-e-type=\"section\" data-settings=\"{&quot;background_background&quot;:&quot;classic&quot;}\">\n\t\t\t\t\t\t<div class=\"elementor-container elementor-column-gap-default\">\n\t\t\t\t\t<div class=\"elementor-column elementor-col-50 elementor-top-column elementor-element elementor-element-f5e8787\" data-id=\"f5e8787\" data-element_type=\"column\" data-e-type=\"column\">\n\t\t\t<div class=\"elementor-widget-wrap elementor-element-populated\">\n\t\t\t\t\t\t<div class=\"elementor-element elementor-element-f655b73 elementor-widget elementor-widget-heading\" data-id=\"f655b73\" data-element_type=\"widget\" data-e-type=\"widget\" data-widget_type=\"heading.default\">\n\t\t\t\t<div class=\"elementor-widget-container\">\n\t\t\t\t\t<h2 class=\"elementor-heading-title elementor-size-default\">Unwavering commitment<\/h2>\t\t\t\t<\/div>\n\t\t\t\t<\/div>\n\t\t\t\t\t<\/div>\n\t\t<\/div>\n\t\t\t\t<div class=\"elementor-column elementor-col-50 elementor-top-column elementor-element elementor-element-70f936e\" data-id=\"70f936e\" data-element_type=\"column\" data-e-type=\"column\">\n\t\t\t<div class=\"elementor-widget-wrap elementor-element-populated\">\n\t\t\t\t\t\t<div class=\"elementor-element elementor-element-2e2b0b5 elementor-widget-laptop__width-initial elementor-invisible elementor-widget elementor-widget-text-editor\" data-id=\"2e2b0b5\" data-element_type=\"widget\" data-e-type=\"widget\" data-settings=\"{&quot;_animation&quot;:&quot;fadeIn&quot;,&quot;_animation_delay&quot;:400}\" data-widget_type=\"text-editor.default\">\n\t\t\t\t<div class=\"elementor-widget-container\">\n\t\t\t\t\t\t\t\t\t<p>We are deeply committed to our customers. We understand that Wealth Management is not just about numbers, but also about trust. That&#8217;s why we strive to build strong relationships with our customers based on trust, respect and integrity. We are always available to answer your questions, discuss your concerns and help you make the right decisions.<\/p>\t\t\t\t\t\t\t\t<\/div>\n\t\t\t\t<\/div>\n\t\t\t\t\t<\/div>\n\t\t<\/div>\n\t\t\t\t\t<\/div>\n\t\t<\/section>\n\t\t\t\t<section class=\"elementor-section elementor-top-section elementor-element elementor-element-c0fc13d elementor-hidden-desktop elementor-hidden-laptop elementor-hidden-tablet_extra elementor-hidden-tablet elementor-hidden-mobile_extra elementor-hidden-mobile elementor-section-boxed elementor-section-height-default elementor-section-height-default wpr-particle-no wpr-jarallax-no wpr-parallax-no wpr-sticky-section-no wpr-equal-height-no\" data-id=\"c0fc13d\" data-element_type=\"section\" data-e-type=\"section\" data-settings=\"{&quot;background_background&quot;:&quot;classic&quot;}\">\n\t\t\t\t\t\t<div class=\"elementor-container elementor-column-gap-default\">\n\t\t\t\t\t<div class=\"elementor-column elementor-col-100 elementor-top-column elementor-element elementor-element-11272b5\" data-id=\"11272b5\" data-element_type=\"column\" data-e-type=\"column\" data-settings=\"{&quot;background_background&quot;:&quot;classic&quot;}\">\n\t\t\t<div class=\"elementor-widget-wrap elementor-element-populated\">\n\t\t\t\t\t\t<section class=\"elementor-section elementor-inner-section elementor-element elementor-element-a90f3dc elementor-section-full_width elementor-section-height-default elementor-section-height-default wpr-particle-no wpr-jarallax-no wpr-parallax-no wpr-sticky-section-no wpr-equal-height-no\" data-id=\"a90f3dc\" data-element_type=\"section\" data-e-type=\"section\" data-settings=\"{&quot;background_background&quot;:&quot;classic&quot;}\">\n\t\t\t\t\t\t<div class=\"elementor-container elementor-column-gap-default\">\n\t\t\t\t\t<div class=\"elementor-column elementor-col-50 elementor-inner-column elementor-element elementor-element-3293d7f\" data-id=\"3293d7f\" data-element_type=\"column\" data-e-type=\"column\">\n\t\t\t<div class=\"elementor-widget-wrap elementor-element-populated\">\n\t\t\t\t\t\t<div class=\"elementor-element elementor-element-d455320 elementor-widget elementor-widget-heading\" data-id=\"d455320\" data-element_type=\"widget\" data-e-type=\"widget\" data-widget_type=\"heading.default\">\n\t\t\t\t<div class=\"elementor-widget-container\">\n\t\t\t\t\t<h2 class=\"elementor-heading-title elementor-size-default\">Talk to one of our specialists<\/h2>\t\t\t\t<\/div>\n\t\t\t\t<\/div>\n\t\t\t\t<div class=\"elementor-element elementor-element-9788e31 elementor-widget elementor-widget-text-editor\" data-id=\"9788e31\" data-element_type=\"widget\" data-e-type=\"widget\" data-widget_type=\"text-editor.default\">\n\t\t\t\t<div class=\"elementor-widget-container\">\n\t\t\t\t\t\t\t\t\t<p><span style=\"background-color: var( --e-global-color-primary );\">In addition to wealth management, our team of investment advisors specializes in a variety of areas, including private equity and real estate.<\/span>&nbsp;We understand the importance of developing personalized investment strategies to maximize your returns and manage your wealth effectively.<\/p>\n\t\t\t\t\t\t\t\t<\/div>\n\t\t\t\t<\/div>\n\t\t\t\t\t<\/div>\n\t\t<\/div>\n\t\t\t\t<div class=\"elementor-column elementor-col-50 elementor-inner-column elementor-element elementor-element-5c6501e\" data-id=\"5c6501e\" data-element_type=\"column\" data-e-type=\"column\">\n\t\t\t<div class=\"elementor-widget-wrap elementor-element-populated\">\n\t\t\t\t\t\t<div class=\"elementor-element elementor-element-10da29b elementor-widget elementor-widget-html\" data-id=\"10da29b\" data-element_type=\"widget\" data-e-type=\"widget\" data-widget_type=\"html.default\">\n\t\t\t\t<div class=\"elementor-widget-container\">\n\t\t\t\t\t<style type=\"text\/css\" scoped=\"\">.flex{display:flex;}\n.flex > div{width:48%;}\n.flex > div:first-child{margin-right:2%;}\n.flex > div:last-child{margin-left:2%;}\n    .mauticform_wrapper { max-width: 600px; margin: 10px auto; }\n    .mauticform-innerform {}\n    .mauticform-post-success {}\n    .mauticform-name { font-weight: bold; font-size: 1.5em; margin-bottom: 3px; }\n    .mauticform-description { margin-top: 2px; margin-bottom: 10px; }\n    .mauticform-error { margin-bottom: 10px; color: red; }\n    .mauticform-message { margin-bottom: 10px;color: green; }\n    .mauticform-row { display: block; margin-bottom: 20px; }\n    .mauticform-label { font-size: 10pt!important; font-weight: 500; margin-left: 5px; margin-bottom: 5px; color: #B0C9E5;}\n    .mauticform-row.mauticform-required .mauticform-label:after { color: #e32; content: \" *\"; display: inline; }\n    .mauticform-helpmessage { display: block; font-size: 0.9em; margin-bottom: 3px; }\n    .mauticform-errormsg { display: block; color: red; margin-top: 2px; }\n    .mauticform-selectbox, .mauticform-input, .mauticform-textarea { width: 100%!important; padding: 0.5em 0.5em!important; border:0!important; border-bottom: 1px solid #B0C9E5!important; background: unset!important; border-radius:0!important;color:#B0C9E5;outline:0!important;}\n    .mauticform-selectbox:focus, .mauticform-input:focus, .mauticform-textarea:focus {color:#ffffff!important;transition:0.3s!important;border-bottom: 1px solid #ffffff!important;}\n    .mauticform-selectbox > option {\n        color: #050505!important;\n    }\n    .mauticform-checkboxgrp-row {}\n    .mauticform-checkboxgrp-label { font-weight: normal; }\n    .mauticform-checkboxgrp-checkbox {}\n    .mauticform-radiogrp-row {}\n    .mauticform-radiogrp-label { font-weight: normal; }\n    .mauticform-radiogrp-radio {}\n    .mauticform-button-wrapper .mauticform-button.btn-default, .mauticform-pagebreak-wrapper .mauticform-pagebreak.btn-default { color: #103B6A;background-color: #fff;border-radius:0;padding:10px 15px;transition:0.3s;}\n    .mauticform-button.btn-default:hover {background-color: #252525;color:#fff; transition:0.3s;}\n    .mauticform-button-wrapper .mauticform-button, .mauticform-pagebreak-wrapper .mauticform-pagebreak { display: inline-block;margin-bottom: 0;font-weight: 600;text-align: center;vertical-align: middle;cursor: pointer;background-image: none;border: 1px solid transparent;white-space: nowrap;padding: 6px 12px;font-size: 13px;line-height: 1.3856;border-radius: 3px;-webkit-user-select: none;-moz-user-select: none;-ms-user-select: none;user-select: none;}\n    .mauticform-button-wrapper .mauticform-button.btn-default[disabled], .mauticform-pagebreak-wrapper .mauticform-pagebreak.btn-default[disabled] { background-color: #ffffff; border-color: #dddddd; opacity: 0.75; cursor: not-allowed; }\n    .mauticform-pagebreak-wrapper .mauticform-button-wrapper {  display: inline; }\n<\/style><style type=\"text\/css\" scoped>.mauticform-field-hidden { display:none }\n<\/style><div id=\"mauticform_wrapper_contactformfr\" class=\"mauticform_wrapper\"><form autocomplete=\"false\" role=\"form\" method=\"post\" action=\"https:\/\/mautic.lmcapital.ch\/form\/submit?formId=1\" id=\"mauticform_contactformfr\" data-mautic-form=\"contactformfr\" enctype=\"multipart\/form-data\"><div class=\"mauticform-error\" id=\"mauticform_contactformfr_error\"><\/div><div class=\"mauticform-message\" id=\"mauticform_contactformfr_message\"><\/div><div class=\"mauticform-innerform\"><div class=\"mauticform-page-wrapper mauticform-page-1\" data-mautic-form-page=\"1\"><div class=\"flex\"><div id=\"mauticform_contactformfr_votre_prenom\" data-validate=\"votre_prenom\" data-validation-type=\"text\" class=\"mauticform-row mauticform-text mauticform-field-1 mauticform-required\"><label id=\"mauticform_label_contactformfr_votre_prenom\" for=\"mauticform_input_contactformfr_votre_prenom\" class=\"mauticform-label\">Pr\u00e9nom<\/label><input id=\"mauticform_input_contactformfr_votre_prenom\" name=\"mauticform[votre_prenom]\" value=\"\" placeholder=\"Pr\u00e9nom\" class=\"mauticform-input\" type=\"text\"><span class=\"mauticform-errormsg\" style=\"display: none;\">N'oubliez pas de nous donner votre pr\u00e9nom<\/span><\/div><div id=\"mauticform_contactformfr_votre_nom\" data-validate=\"votre_nom\" data-validation-type=\"text\" class=\"mauticform-row mauticform-text mauticform-field-2 mauticform-required\"><label id=\"mauticform_label_contactformfr_votre_nom\" for=\"mauticform_input_contactformfr_votre_nom\" class=\"mauticform-label\">Nom<\/label><input id=\"mauticform_input_contactformfr_votre_nom\" name=\"mauticform[votre_nom]\" value=\"\" placeholder=\"Nom\" class=\"mauticform-input\" type=\"text\"><span class=\"mauticform-errormsg\" style=\"display: none;\">N'oubliez pas de nous dire votre nom<\/span><\/div><\/div><div class=\"flex\"><div id=\"mauticform_contactformfr_entreprise\" class=\"mauticform-row mauticform-text mauticform-field-3\"><label id=\"mauticform_label_contactformfr_entreprise\" for=\"mauticform_input_contactformfr_entreprise\" class=\"mauticform-label\">Entreprise<\/label><input id=\"mauticform_input_contactformfr_entreprise\" name=\"mauticform[entreprise]\" value=\"\" placeholder=\"Entreprise\" class=\"mauticform-input\" type=\"text\"><span class=\"mauticform-errormsg\" style=\"display: none;\"><\/span><\/div><div id=\"mauticform_contactformfr_votre_mail\" data-validate=\"votre_mail\" data-validation-type=\"email\" class=\"mauticform-row mauticform-email mauticform-field-4 mauticform-required\"><label id=\"mauticform_label_contactformfr_votre_mail\" for=\"mauticform_input_contactformfr_votre_mail\" class=\"mauticform-label\">Mail<\/label><input id=\"mauticform_input_contactformfr_votre_mail\" name=\"mauticform[votre_mail]\" value=\"\" placeholder=\"exemple@mail.com\" class=\"mauticform-input\" type=\"email\"><span class=\"mauticform-errormsg\" style=\"display: none;\">N'oubliez pas de nous donner votre mail<\/span><\/div><\/div><div class=\"flex\"><div id=\"mauticform_contactformfr_votre_telephone\" class=\"mauticform-row mauticform-tel mauticform-field-5\"><label id=\"mauticform_label_contactformfr_votre_telephone\" for=\"mauticform_input_contactformfr_votre_telephone\" class=\"mauticform-label\">T\u00e9l\u00e9phone (+)<\/label><input id=\"mauticform_input_contactformfr_votre_telephone\" name=\"mauticform[votre_telephone]\" value=\"\" placeholder=\"(+) Code \/ num\u00e9ro\" class=\"mauticform-input\" type=\"tel\"><span class=\"mauticform-errormsg\" style=\"display: none;\"><\/span><\/div><div id=\"mauticform_contactformfr_sujet_de_votre_demande\" data-validate=\"sujet_de_votre_demande\" data-validation-type=\"select\" class=\"mauticform-row mauticform-select mauticform-field-6 mauticform-required\"><label id=\"mauticform_label_contactformfr_sujet_de_votre_demande\" for=\"mauticform_input_contactformfr_sujet_de_votre_demande\" class=\"mauticform-label\">Sujet de la demande<\/label><select id=\"mauticform_input_contactformfr_sujet_de_votre_demande\" name=\"mauticform[sujet_de_votre_demande]\" value=\"\" class=\"mauticform-selectbox\" style=\"padding:0.575em 0.5em!important;\">                                        <option value=\"Gestion de fortune\">Gestion de fortune<\/option>                    <option value=\"Cr\u00e9dits hypoth\u00e9caires\">Cr\u00e9dits hypoth\u00e9caires<\/option>                    <option value=\"Private equity\">Private equity<\/option>                    <option value=\"Courtage immoblier\">Courtage immobilier<\/option>                    <option value=\"Autre\">Autre<\/option><\/select><span class=\"mauticform-errormsg\" style=\"display: none;\">N'oubliez pas de nous donner votre sujet<\/span><\/div><\/div><div id=\"mauticform_contactformfr_votre_message\" data-validate=\"votre_message\" data-validation-type=\"textarea\" class=\"mauticform-row mauticform-text mauticform-field-7 mauticform-required\"><label id=\"mauticform_label_contactformfr_votre_message\" for=\"mauticform_input_contactformfr_votre_message\" class=\"mauticform-label\">Message<\/label><textarea id=\"mauticform_input_contactformfr_votre_message\" name=\"mauticform[votre_message]\" class=\"mauticform-textarea\" style=\"resize:none;height:250px;\" placeholder=\"Message...\"><\/textarea><span class=\"mauticform-errormsg\" style=\"display: none;\">N'oubliez pas de nous donner votre demande<\/span><\/div><div id=\"mauticform_contactformfr_submit\" class=\"mauticform-row mauticform-button-wrapper mauticform-field-8\"><button type=\"submit\" name=\"mauticform[submit]\" id=\"mauticform_input_contactformfr_submit\" value=\"\" class=\"mauticform-button btn btn-default\">Envoyer<\/button><\/div><\/div><\/div><input type=\"hidden\" name=\"mauticform[formId]\" id=\"mauticform_contactformfr_id\" value=\"1\"><input type=\"hidden\" name=\"mauticform[return]\" id=\"mauticform_contactformfr_return\" value=\"\"><input type=\"hidden\" name=\"mauticform[formName]\" id=\"mauticform_contactformfr_name\" value=\"contactformfr\"><\/form><\/div>\t\t\t\t<\/div>\n\t\t\t\t<\/div>\n\t\t\t\t\t<\/div>\n\t\t<\/div>\n\t\t\t\t\t<\/div>\n\t\t<\/section>\n\t\t\t\t\t<\/div>\n\t\t<\/div>\n\t\t\t\t\t<\/div>\n\t\t<\/section>\n\t\t\t\t<\/div>\n\t\t","protected":false},"excerpt":{"rendered":"<p>LMC certificates Our AMCs (Actively Managed Certificates) offer our clients and investors an innovative solution for participating in active portfolio management strategies. Unlike traditional mutual funds, AMCs allow you to invest simultaneously and flexibly in a wide range of underlying Assets, such as Equities, Bonds, Commodities and Currencies. Make an appointment Innovative financial instruments for active portfolio management AMCs (Actively Managed Certificates) are innovative financial instruments that offer investors a way to participate in Active Portfolio Management strategies. Unlike traditional mutual funds, AMCs can be issued on a wide range of underlying assets, such as equities, bonds, commodities or currencies. They can also be designed to reflect specific investment strategies, such as growth or value portfolio management. The objective of the latter is to seek to outperform a benchmark index or achieve a specific return objective. On the other hand, AMCs also offer great flexibility in terms of liquidity. Unlike traditional investment funds, they can be traded continuously without restriction, just like individual shares. Finally, Actively Managed Certificates offer investors an attractive alternative to traditional mutual funds, allowing them to participate in active portfolio management strategies and offering greater trading flexibility. Make an appointment Unwavering commitment We are deeply committed to our customers. We understand that Wealth Management is not just about numbers, but also about trust. That&#8217;s why we strive to build strong relationships with our customers based on trust, respect and integrity. We are always available to answer your questions, discuss your concerns and help you make the right decisions. Talk to one of our specialists In addition to wealth management, our team of investment advisors specializes in a variety of areas, including private equity and real estate.&nbsp;We understand the importance of developing personalized investment strategies to maximize your returns and manage your wealth effectively. Pr\u00e9nomN&#8217;oubliez pas de nous donner votre pr\u00e9nomNomN&#8217;oubliez pas de nous dire votre nomEntrepriseMailN&#8217;oubliez pas de nous donner votre mailT\u00e9l\u00e9phone (+)Sujet de la demandeGestion de fortuneCr\u00e9dits hypoth\u00e9cairesPrivate equityCourtage immobilierAutreN&#8217;oubliez pas de nous donner votre sujetMessageN&#8217;oubliez pas de nous donner votre demandeEnvoyer<\/p>\n","protected":false},"author":1,"featured_media":0,"parent":0,"menu_order":0,"comment_status":"closed","ping_status":"closed","template":"elementor_canvas","meta":{"footnotes":""},"class_list":["post-2593","page","type-page","status-publish","hentry"],"_links":{"self":[{"href":"https:\/\/www.lmcapital.ch\/en\/wp-json\/wp\/v2\/pages\/2593","targetHints":{"allow":["GET"]}}],"collection":[{"href":"https:\/\/www.lmcapital.ch\/en\/wp-json\/wp\/v2\/pages"}],"about":[{"href":"https:\/\/www.lmcapital.ch\/en\/wp-json\/wp\/v2\/types\/page"}],"author":[{"embeddable":true,"href":"https:\/\/www.lmcapital.ch\/en\/wp-json\/wp\/v2\/users\/1"}],"replies":[{"embeddable":true,"href":"https:\/\/www.lmcapital.ch\/en\/wp-json\/wp\/v2\/comments?post=2593"}],"version-history":[{"count":29,"href":"https:\/\/www.lmcapital.ch\/en\/wp-json\/wp\/v2\/pages\/2593\/revisions"}],"predecessor-version":[{"id":3083,"href":"https:\/\/www.lmcapital.ch\/en\/wp-json\/wp\/v2\/pages\/2593\/revisions\/3083"}],"wp:attachment":[{"href":"https:\/\/www.lmcapital.ch\/en\/wp-json\/wp\/v2\/media?parent=2593"}],"curies":[{"name":"wp","href":"https:\/\/api.w.org\/{rel}","templated":true}]}}